{"id":125,"date":"2025-01-31T18:00:00","date_gmt":"2025-01-31T17:00:00","guid":{"rendered":"https:\/\/www.lyceerobertbadinter.fr\/?page_id=125"},"modified":"2026-03-18T14:19:42","modified_gmt":"2026-03-18T13:19:42","slug":"bac-technologique","status":"publish","type":"page","link":"https:\/\/www.lyceerobertbadinter.fr\/index.php\/bac-technologique\/","title":{"rendered":"Baccalaur\u00e9at Technologique :"},"content":{"rendered":"<h3 id=\"summary-item-6\" class=\"title\">Enseignements de sp\u00e9cialit\u00e9 &#8211; voie technologique :<\/h3>\n<ul>\n<li><a href=\"https:\/\/www.onisep.fr\/formation\/apres-la-3-la-voie-generale-et-technologique\/qu-est-ce-que-la-voie-generale-et-technologique\/la-voie-technologique-en-premiere-et-terminale\/le-bac-stmg-sciences-et-technologies-du-management-et-de-la-gestion\">STMG<\/a>. En terminale Technologique\u00a0<a href=\"https:\/\/eduscol.education.fr\/document\/25018\/download\">Sp\u00e9cialit\u00e9 de management, sciences de gestion et num\u00e9rique<\/a>, enseignement sp\u00e9cifique de mercatique<\/li>\n<li><a href=\"https:\/\/www.onisep.fr\/formation\/apres-la-3-la-voie-generale-et-technologique\/qu-est-ce-que-la-voie-generale-et-technologique\/la-voie-technologique-en-premiere-et-terminale\/le-bac-stl-sciences-et-technologies-de-laboratoire\">STL sp\u00e9cialit\u00e9 Biotechnologies<\/a><\/li>\n<\/ul>\n<div id=\"block-1f300e34-7fbc-487d-9f53-402fe6e664b9\" class=\"block-editor-block-list__block wp-block is-selected wp-block-freeform\" tabindex=\"0\" role=\"document\" aria-label=\"Bloc\u00a0: Classique\" data-block=\"1f300e34-7fbc-487d-9f53-402fe6e664b9\" data-type=\"core\/freeform\" data-title=\"Classique\">\n<div>\n<p><strong>Langues vivantes enseign\u00e9es (au choix 1 LVA et 1 LVB) :<\/strong><\/p>\n<ul>\n<li>LV A : Allemand, Anglais, Espagnol<\/li>\n<li>LV B : Allemand, Anglais, Espagnol, Chinois<\/li>\n<\/ul>\n<p>Un parcours particulier est propos\u00e9 en <a href=\"https:\/\/www.education.gouv.fr\/les-sections-europeennes-ou-de-langues-orientales-en-lycee-5048\">section Europ\u00e9enne Anglais<\/a> (approfondissement en LV et enseignement d\u2019une discipline non linguistique (DNL), Histoire-g\u00e9ographie ou SVT, mobilit\u00e9 europ\u00e9enne)<\/p>\n<p style=\"text-align: center;\">____________________________________<\/p>\n<p><strong>Options facultatives possibles (1 ou 2 si LCA) :<\/strong><\/p>\n<ul>\n<li><a href=\"https:\/\/eduscol.education.fr\/document\/23917\/download\">Langues et Cultures de l\u2019Antiquit\u00e9 (LCA)<\/a> : Grec<\/li>\n<li><a href=\"https:\/\/eduscol.education.fr\/document\/23917\/download\">Langues et Cultures de l\u2019Antiquit\u00e9 (LCA)<\/a> : Latin<\/li>\n<li><a href=\"https:\/\/eduscol.education.fr\/document\/23593\/download\">Musique<\/a><\/li>\n<li><a href=\"https:\/\/eduscol.education.fr\/document\/23593\/download\">Th\u00e9\u00e2tre<\/a> <a href=\"https:\/\/www.lyceerobertbadinter.fr\/wp-content\/uploads\/2025\/06\/Presentation-Option-theatre.pdf\" class=\"mtli_attachment mtli_pdf\" target=\"_blank\" rel=\"noopener\">\u00a0<\/a><\/li>\n<li><a href=\"https:\/\/eduscol.education.fr\/document\/25279\/download\">EPS<\/a><\/li>\n<\/ul>\n<\/div>\n<\/div>\n<p>&nbsp;<\/p>\n","protected":false},"excerpt":{"rendered":"<p>Enseignements de sp\u00e9cialit\u00e9 &#8211; voie technologique : STMG. En terminale Technologique\u00a0Sp\u00e9cialit\u00e9 de management, sciences de gestion et num\u00e9rique, enseignement sp\u00e9cifique de mercatique STL sp\u00e9cialit\u00e9 Biotechnologies Langues vivantes enseign\u00e9es (au choix 1 LVA et 1 LVB) [&hellip;]<\/p>\n","protected":false},"author":1,"featured_media":0,"parent":0,"menu_order":0,"comment_status":"closed","ping_status":"closed","template":"","meta":{"footnotes":""},"class_list":["post-125","page","type-page","status-publish","hentry"],"_links":{"self":[{"href":"https:\/\/www.lyceerobertbadinter.fr\/index.php\/wp-json\/wp\/v2\/pages\/125","targetHints":{"allow":["GET"]}}],"collection":[{"href":"https:\/\/www.lyceerobertbadinter.fr\/index.php\/wp-json\/wp\/v2\/pages"}],"about":[{"href":"https:\/\/www.lyceerobertbadinter.fr\/index.php\/wp-json\/wp\/v2\/types\/page"}],"author":[{"embeddable":true,"href":"https:\/\/www.lyceerobertbadinter.fr\/index.php\/wp-json\/wp\/v2\/users\/1"}],"replies":[{"embeddable":true,"href":"https:\/\/www.lyceerobertbadinter.fr\/index.php\/wp-json\/wp\/v2\/comments?post=125"}],"version-history":[{"count":19,"href":"https:\/\/www.lyceerobertbadinter.fr\/index.php\/wp-json\/wp\/v2\/pages\/125\/revisions"}],"predecessor-version":[{"id":861,"href":"https:\/\/www.lyceerobertbadinter.fr\/index.php\/wp-json\/wp\/v2\/pages\/125\/revisions\/861"}],"wp:attachment":[{"href":"https:\/\/www.lyceerobertbadinter.fr\/index.php\/wp-json\/wp\/v2\/media?parent=125"}],"curies":[{"name":"wp","href":"https:\/\/api.w.org\/{rel}","templated":true}]}}