{"id":181,"date":"2024-02-15T13:47:15","date_gmt":"2024-02-15T12:47:15","guid":{"rendered":"https:\/\/www.lyceerobertbadinter.fr\/?page_id=181"},"modified":"2024-02-15T13:47:15","modified_gmt":"2024-02-15T12:47:15","slug":"acces-cyclable","status":"publish","type":"page","link":"https:\/\/www.lyceerobertbadinter.fr\/index.php\/acces-cyclable\/","title":{"rendered":"Acc\u00e8s cyclable"},"content":{"rendered":"<p><a href=\"https:\/\/www.lyceerobertbadinter.fr\/wp-content\/uploads\/2024\/02\/trans-2r-velo.jpg\"><img loading=\"lazy\" decoding=\"async\" class=\"alignright size-full wp-image-183\" src=\"https:\/\/www.lyceerobertbadinter.fr\/wp-content\/uploads\/2024\/02\/trans-2r-velo.jpg\" alt=\"\" width=\"274\" height=\"275\" srcset=\"https:\/\/www.lyceerobertbadinter.fr\/wp-content\/uploads\/2024\/02\/trans-2r-velo.jpg 274w, https:\/\/www.lyceerobertbadinter.fr\/wp-content\/uploads\/2024\/02\/trans-2r-velo-150x150.jpg 150w\" sizes=\"auto, (max-width: 274px) 100vw, 274px\" \/><\/a><\/p>\n<p>L&rsquo;acc\u00e8s cyclable au lyc\u00e9e se fera par le nord, via le chemin du Regano, qui sera reli\u00e9 en voie propre au parvis d\u2019entr\u00e9e du lyc\u00e9e, o\u00f9 se trouvera le local v\u00e9lo.<\/p>\n<p><a href=\"https:\/\/www.lyceerobertbadinter.fr\/wp-content\/uploads\/2024\/02\/PCM02-01-Plan-masse-general-1-500.pdf\" class=\"mtli_attachment mtli_pdf\">T\u00e9l\u00e9charger le plan de masse g\u00e9n\u00e9ral<\/a><\/p>\n<p>&nbsp;<\/p>\n","protected":false},"excerpt":{"rendered":"<p>L&rsquo;acc\u00e8s cyclable au lyc\u00e9e se fera par le nord, via le chemin du Regano, qui sera reli\u00e9 en voie propre au parvis d\u2019entr\u00e9e du lyc\u00e9e, o\u00f9 se trouvera le local v\u00e9lo. T\u00e9l\u00e9charger le plan de [&hellip;]<\/p>\n","protected":false},"author":1,"featured_media":0,"parent":0,"menu_order":0,"comment_status":"closed","ping_status":"closed","template":"","meta":{"footnotes":""},"class_list":["post-181","page","type-page","status-publish","hentry"],"_links":{"self":[{"href":"https:\/\/www.lyceerobertbadinter.fr\/index.php\/wp-json\/wp\/v2\/pages\/181","targetHints":{"allow":["GET"]}}],"collection":[{"href":"https:\/\/www.lyceerobertbadinter.fr\/index.php\/wp-json\/wp\/v2\/pages"}],"about":[{"href":"https:\/\/www.lyceerobertbadinter.fr\/index.php\/wp-json\/wp\/v2\/types\/page"}],"author":[{"embeddable":true,"href":"https:\/\/www.lyceerobertbadinter.fr\/index.php\/wp-json\/wp\/v2\/users\/1"}],"replies":[{"embeddable":true,"href":"https:\/\/www.lyceerobertbadinter.fr\/index.php\/wp-json\/wp\/v2\/comments?post=181"}],"version-history":[{"count":1,"href":"https:\/\/www.lyceerobertbadinter.fr\/index.php\/wp-json\/wp\/v2\/pages\/181\/revisions"}],"predecessor-version":[{"id":184,"href":"https:\/\/www.lyceerobertbadinter.fr\/index.php\/wp-json\/wp\/v2\/pages\/181\/revisions\/184"}],"wp:attachment":[{"href":"https:\/\/www.lyceerobertbadinter.fr\/index.php\/wp-json\/wp\/v2\/media?parent=181"}],"curies":[{"name":"wp","href":"https:\/\/api.w.org\/{rel}","templated":true}]}}