{"id":426,"date":"2024-12-21T19:49:02","date_gmt":"2024-12-21T18:49:02","guid":{"rendered":"https:\/\/www.lyceerobertbadinter.fr\/?page_id=426"},"modified":"2025-05-21T16:24:36","modified_gmt":"2025-05-21T14:24:36","slug":"formations-secondaires","status":"publish","type":"page","link":"https:\/\/www.lyceerobertbadinter.fr\/index.php\/formations-secondaires\/","title":{"rendered":"Formations secondaires"},"content":{"rendered":"\n<p>Baccalaur\u00e9at g\u00e9n\u00e9ral et technologique : <\/p>\n\n\n\n<ul class=\"wp-block-list\">\n<li><a href=\"https:\/\/www.lyceerobertbadinter.fr\/index.php\/seconde-gt\/\" target=\"_blank\" rel=\"noreferrer noopener\">seconde g\u00e9n\u00e9rale et technologique<\/a><\/li>\n\n\n\n<li><a href=\"https:\/\/www.lyceerobertbadinter.fr\/index.php\/bac-technologique\/\" target=\"_blank\" rel=\"noreferrer noopener\">premi\u00e8re g\u00e9n\u00e9rale ou technologique<\/a><\/li>\n<\/ul>\n\n\n\n<p><a href=\"https:\/\/www.lyceerobertbadinter.fr\/index.php\/baccalaureat-professionnel\/\" target=\"_blank\" rel=\"noreferrer noopener\">Baccalaur\u00e9at professionnel<\/a><\/p>\n\n\n\n<p><a href=\"https:\/\/www.lyceerobertbadinter.fr\/index.php\/cap\/\" target=\"_blank\" rel=\"noreferrer noopener\">CAP<\/a><\/p>\n","protected":false},"excerpt":{"rendered":"<p>Baccalaur\u00e9at g\u00e9n\u00e9ral et technologique : Baccalaur\u00e9at professionnel CAP<\/p>\n","protected":false},"author":3,"featured_media":0,"parent":0,"menu_order":0,"comment_status":"closed","ping_status":"closed","template":"","meta":{"footnotes":""},"class_list":["post-426","page","type-page","status-publish","hentry"],"_links":{"self":[{"href":"https:\/\/www.lyceerobertbadinter.fr\/index.php\/wp-json\/wp\/v2\/pages\/426","targetHints":{"allow":["GET"]}}],"collection":[{"href":"https:\/\/www.lyceerobertbadinter.fr\/index.php\/wp-json\/wp\/v2\/pages"}],"about":[{"href":"https:\/\/www.lyceerobertbadinter.fr\/index.php\/wp-json\/wp\/v2\/types\/page"}],"author":[{"embeddable":true,"href":"https:\/\/www.lyceerobertbadinter.fr\/index.php\/wp-json\/wp\/v2\/users\/3"}],"replies":[{"embeddable":true,"href":"https:\/\/www.lyceerobertbadinter.fr\/index.php\/wp-json\/wp\/v2\/comments?post=426"}],"version-history":[{"count":3,"href":"https:\/\/www.lyceerobertbadinter.fr\/index.php\/wp-json\/wp\/v2\/pages\/426\/revisions"}],"predecessor-version":[{"id":566,"href":"https:\/\/www.lyceerobertbadinter.fr\/index.php\/wp-json\/wp\/v2\/pages\/426\/revisions\/566"}],"wp:attachment":[{"href":"https:\/\/www.lyceerobertbadinter.fr\/index.php\/wp-json\/wp\/v2\/media?parent=426"}],"curies":[{"name":"wp","href":"https:\/\/api.w.org\/{rel}","templated":true}]}}