{"id":643,"date":"2025-10-11T16:53:53","date_gmt":"2025-10-11T14:53:53","guid":{"rendered":"https:\/\/www.lyceerobertbadinter.fr\/?page_id=643"},"modified":"2025-10-11T16:57:36","modified_gmt":"2025-10-11T14:57:36","slug":"nous-contacter","status":"publish","type":"page","link":"https:\/\/www.lyceerobertbadinter.fr\/index.php\/nous-contacter\/","title":{"rendered":"Nous contacter"},"content":{"rendered":"\n<p><strong>Accueil : <\/strong><\/p>\n\n\n\n<ul class=\"wp-block-list\">\n<li>Mail : <a href=\"mailto:ce.0333583r@ac-bordeaux.fr\">ce.0333583r@ac-bordeaux.fr<\/a><\/li>\n\n\n\n<li>T\u00e9l\u00e9phone : 05 54 97 11 11<\/li>\n<\/ul>\n\n\n\n<p><strong>Vie scolaire : <\/strong><\/p>\n\n\n\n<ul class=\"wp-block-list\">\n<li>Pronote : contact \u00ab&nbsp;personnels\/vie scolaire&nbsp;\u00bb<\/li>\n\n\n\n<li>Mail : <a href=\"mailto:vie-scolaire.0333583r@ac-bordeaux.fr\">vie-scolaire.0333583r@ac-bordeaux.fr<\/a><\/li>\n\n\n\n<li>T\u00e9l\u00e9phone : 05 54 97 02 01<\/li>\n<\/ul>\n\n\n\n<p><strong>Secr\u00e9tariat de scolarit\u00e9 :<\/strong><\/p>\n\n\n\n<ul class=\"wp-block-list\">\n<li>Seconde g\u00e9n\u00e9rale et technologique : <a href=\"mailto:scolarite2nd.0333583r@ac-bordeaux.fr\">scolarite2nd.0333583r@ac-bordeaux.fr<\/a><\/li>\n\n\n\n<li>Seconde professionnelle ou en 1\u00e8re ann\u00e9e de CAP : <a href=\"mailto:scolaritepro.0333583r@ac-bordeaux.fr\">scolaritepro.0333583r@ac-bordeaux.fr<\/a><\/li>\n\n\n\n<li>Premi\u00e8re g\u00e9n\u00e9rale ou technologique : <a href=\"mailto:scolarite1ere.0333583r@ac-bordeaux.fr\">scolarite1ere.0333583r@ac-bordeaux.fr<\/a><\/li>\n<\/ul>\n","protected":false},"excerpt":{"rendered":"<p>Accueil : Vie scolaire : Secr\u00e9tariat de scolarit\u00e9 :<\/p>\n","protected":false},"author":3,"featured_media":0,"parent":0,"menu_order":0,"comment_status":"closed","ping_status":"closed","template":"","meta":{"footnotes":""},"class_list":["post-643","page","type-page","status-publish","hentry"],"_links":{"self":[{"href":"https:\/\/www.lyceerobertbadinter.fr\/index.php\/wp-json\/wp\/v2\/pages\/643","targetHints":{"allow":["GET"]}}],"collection":[{"href":"https:\/\/www.lyceerobertbadinter.fr\/index.php\/wp-json\/wp\/v2\/pages"}],"about":[{"href":"https:\/\/www.lyceerobertbadinter.fr\/index.php\/wp-json\/wp\/v2\/types\/page"}],"author":[{"embeddable":true,"href":"https:\/\/www.lyceerobertbadinter.fr\/index.php\/wp-json\/wp\/v2\/users\/3"}],"replies":[{"embeddable":true,"href":"https:\/\/www.lyceerobertbadinter.fr\/index.php\/wp-json\/wp\/v2\/comments?post=643"}],"version-history":[{"count":2,"href":"https:\/\/www.lyceerobertbadinter.fr\/index.php\/wp-json\/wp\/v2\/pages\/643\/revisions"}],"predecessor-version":[{"id":647,"href":"https:\/\/www.lyceerobertbadinter.fr\/index.php\/wp-json\/wp\/v2\/pages\/643\/revisions\/647"}],"wp:attachment":[{"href":"https:\/\/www.lyceerobertbadinter.fr\/index.php\/wp-json\/wp\/v2\/media?parent=643"}],"curies":[{"name":"wp","href":"https:\/\/api.w.org\/{rel}","templated":true}]}}