{"id":77,"date":"2024-02-02T21:36:31","date_gmt":"2024-02-02T20:36:31","guid":{"rendered":"https:\/\/www.lyceerobertbadinter.fr\/?page_id=77"},"modified":"2025-11-11T17:35:58","modified_gmt":"2025-11-11T16:35:58","slug":"bassin-de-recrutement","status":"publish","type":"page","link":"https:\/\/www.lyceerobertbadinter.fr\/index.php\/presentation-du-lycee\/bassin-de-recrutement\/","title":{"rendered":"P\u00e9rim\u00e8tre de recrutement"},"content":{"rendered":"\n<p>Implant\u00e9 sur un territoire mixte, entre p\u00e9ri-urbanit\u00e9 et ruralit\u00e9, il est compos\u00e9, pour la voie g\u00e9n\u00e9rale et technologique, de 33 communes r\u00e9parties dans 3 communaut\u00e9s de communes. <\/p>\n\n\n\n<p>Le bassin r\u00e9el de recrutement s\u2019\u00e9tend principalement sur un tiers sud-est du d\u00e9partement de la Gironde pour les formations professionnelles.<\/p>\n\n\n\n<p>7 \u00e9tablissements publics et 1 \u00e9tablissement priv\u00e9 sous contrat implant\u00e9 au sein du secteur scolaire alimentent principalement le recrutement.<\/p>\n\n\n\n<figure class=\"wp-block-image size-large\"><img loading=\"lazy\" decoding=\"async\" width=\"1024\" height=\"835\" src=\"https:\/\/www.lyceerobertbadinter.fr\/wp-content\/uploads\/2025\/11\/Carte-scolaire_2-1024x835.png\" alt=\"\" class=\"wp-image-683\" srcset=\"https:\/\/www.lyceerobertbadinter.fr\/wp-content\/uploads\/2025\/11\/Carte-scolaire_2-1024x835.png 1024w, https:\/\/www.lyceerobertbadinter.fr\/wp-content\/uploads\/2025\/11\/Carte-scolaire_2-300x245.png 300w, https:\/\/www.lyceerobertbadinter.fr\/wp-content\/uploads\/2025\/11\/Carte-scolaire_2-768x626.png 768w, https:\/\/www.lyceerobertbadinter.fr\/wp-content\/uploads\/2025\/11\/Carte-scolaire_2.png 1310w\" sizes=\"auto, (max-width: 1024px) 100vw, 1024px\" \/><\/figure>\n\n\n\n<p><span style=\"font-size: small;\"><br><br><\/span><\/p>\n\n\n<div class=\"wp-block-image\">\n<figure class=\"aligncenter\"><a href=\"https:\/\/www.lyceerobertbadinter.fr\/wp-content\/uploads\/2024\/02\/tableau_recrutement.png\"><img loading=\"lazy\" decoding=\"async\" width=\"1720\" height=\"890\" src=\"https:\/\/www.lyceerobertbadinter.fr\/wp-content\/uploads\/2024\/02\/tableau_recrutement.png\" alt=\"\" class=\"wp-image-85\" srcset=\"https:\/\/www.lyceerobertbadinter.fr\/wp-content\/uploads\/2024\/02\/tableau_recrutement.png 1720w, https:\/\/www.lyceerobertbadinter.fr\/wp-content\/uploads\/2024\/02\/tableau_recrutement-300x155.png 300w, https:\/\/www.lyceerobertbadinter.fr\/wp-content\/uploads\/2024\/02\/tableau_recrutement-1024x530.png 1024w, https:\/\/www.lyceerobertbadinter.fr\/wp-content\/uploads\/2024\/02\/tableau_recrutement-768x397.png 768w, https:\/\/www.lyceerobertbadinter.fr\/wp-content\/uploads\/2024\/02\/tableau_recrutement-1536x795.png 1536w\" sizes=\"auto, (max-width: 1720px) 100vw, 1720px\" \/><\/a><\/figure>\n<\/div>\n\n\n<p><\/p>\n","protected":false},"excerpt":{"rendered":"<p>Implant\u00e9 sur un territoire mixte, entre p\u00e9ri-urbanit\u00e9 et ruralit\u00e9, il est compos\u00e9, pour la voie g\u00e9n\u00e9rale et technologique, de 33 communes r\u00e9parties dans 3 communaut\u00e9s de communes. Le bassin r\u00e9el de recrutement s\u2019\u00e9tend principalement sur [&hellip;]<\/p>\n","protected":false},"author":1,"featured_media":683,"parent":74,"menu_order":0,"comment_status":"closed","ping_status":"closed","template":"","meta":{"footnotes":""},"class_list":["post-77","page","type-page","status-publish","has-post-thumbnail","hentry"],"_links":{"self":[{"href":"https:\/\/www.lyceerobertbadinter.fr\/index.php\/wp-json\/wp\/v2\/pages\/77","targetHints":{"allow":["GET"]}}],"collection":[{"href":"https:\/\/www.lyceerobertbadinter.fr\/index.php\/wp-json\/wp\/v2\/pages"}],"about":[{"href":"https:\/\/www.lyceerobertbadinter.fr\/index.php\/wp-json\/wp\/v2\/types\/page"}],"author":[{"embeddable":true,"href":"https:\/\/www.lyceerobertbadinter.fr\/index.php\/wp-json\/wp\/v2\/users\/1"}],"replies":[{"embeddable":true,"href":"https:\/\/www.lyceerobertbadinter.fr\/index.php\/wp-json\/wp\/v2\/comments?post=77"}],"version-history":[{"count":11,"href":"https:\/\/www.lyceerobertbadinter.fr\/index.php\/wp-json\/wp\/v2\/pages\/77\/revisions"}],"predecessor-version":[{"id":692,"href":"https:\/\/www.lyceerobertbadinter.fr\/index.php\/wp-json\/wp\/v2\/pages\/77\/revisions\/692"}],"up":[{"embeddable":true,"href":"https:\/\/www.lyceerobertbadinter.fr\/index.php\/wp-json\/wp\/v2\/pages\/74"}],"wp:featuredmedia":[{"embeddable":true,"href":"https:\/\/www.lyceerobertbadinter.fr\/index.php\/wp-json\/wp\/v2\/media\/683"}],"wp:attachment":[{"href":"https:\/\/www.lyceerobertbadinter.fr\/index.php\/wp-json\/wp\/v2\/media?parent=77"}],"curies":[{"name":"wp","href":"https:\/\/api.w.org\/{rel}","templated":true}]}}