{"id":94,"date":"2024-02-09T20:48:27","date_gmt":"2024-02-09T19:48:27","guid":{"rendered":"https:\/\/www.lyceerobertbadinter.fr\/?page_id=94"},"modified":"2025-11-11T18:38:40","modified_gmt":"2025-11-11T17:38:40","slug":"calendrier_ouvertures","status":"publish","type":"page","link":"https:\/\/www.lyceerobertbadinter.fr\/index.php\/calendrier_ouvertures\/","title":{"rendered":"Calendrier des ouvertures"},"content":{"rendered":"\n<p>Le lyc\u00e9e ouvrira progressivement les sections suivantes :<\/p>\n\n\n\n<h2 class=\"wp-block-heading\">Septembre 2024<\/h2>\n\n\n\n<ul class=\"wp-block-list\">\n<li><h4>Accueil des classes de <strong>Seconde G\u00e9n\u00e9rale et Technologique<\/strong><\/h4>\n<ul class=\"wp-block-list\">\n<li>Langues enseign\u00e9es : Anglais, Espagnol, Chinois<\/li>\n\n\n\n<li>Option Langues et Cultures Antiques : Latin ou Grec<\/li>\n\n\n\n<li>Option Sciences et Laboratoire (SL)<\/li>\n<\/ul>\n<\/li>\n<\/ul>\n\n\n\n<h2 class=\"wp-block-heading\">Septembre 2025<\/h2>\n\n\n\n<ul class=\"wp-block-list\">\n<li><strong><strong>Accueil des classes de Seconde G\u00e9n\u00e9rale et Technologique<\/strong><\/strong><\/li>\n\n\n\n<li><h4>Accueil des classes de <strong>Premi\u00e8re<\/strong><\/h4>\n<ul class=\"wp-block-list\">\n<li>Premi\u00e8re G\u00e9n\u00e9rale<\/li>\n\n\n\n<li>Premi\u00e8re Technologique <a href=\"https:\/\/www.onisep.fr\/formation\/apres-la-3-la-voie-generale-et-technologique\/qu-est-ce-que-la-voie-generale-et-technologique\/la-voie-technologique-en-premiere-et-terminale\/le-bac-stmg-sciences-et-technologies-du-management-et-de-la-gestion\">STMG<\/a><\/li>\n\n\n\n<li>Premi\u00e8re Technologique <a href=\"https:\/\/www.onisep.fr\/formation\/apres-la-3-la-voie-generale-et-technologique\/qu-est-ce-que-la-voie-generale-et-technologique\/la-voie-technologique-en-premiere-et-terminale\/le-bac-stl-sciences-et-technologies-de-laboratoire\">STL<\/a><\/li>\n<\/ul>\n<\/li>\n\n\n\n<li><h4>Accueil des classes de <strong>Seconde Professionnelle<\/strong><\/h4>\n<ul class=\"wp-block-list\">\n<li>Baccalaur\u00e9at Professionnel <a href=\"https:\/\/www.onisep.fr\/ressources\/univers-formation\/formations\/lycees\/bac-pro-metiers-de-l-electricite-et-de-ses-environnements-connectes\">MELEC<\/a> : M\u00e9tiers de l&rsquo;\u00e9lectricit\u00e9 et de ses environnements connect\u00e9s.<\/li>\n\n\n\n<li>Baccalaur\u00e9at Professionnel <a href=\"https:\/\/oniseptv.onisep.fr\/video\/bac-pro-accompagnement-soins-et-services-a-la-personne\">ASSP<\/a> : Accompagnement, Soins et Services \u00e0 la Personne<\/li>\n<\/ul>\n<\/li>\n\n\n\n<li><h4>Accueil des classes de Seconde <strong>CAP<\/strong><\/h4>\n<ul class=\"wp-block-list\">\n<li>CAP <a href=\"https:\/\/www.onisep.fr\/ressources\/univers-formation\/formations\/lycees\/cap-agent-accompagnant-au-grand-age\">Agent accompagnant au grand \u00e2ge<\/a><\/li>\n<\/ul>\n<\/li>\n<\/ul>\n\n\n\n<h2 class=\"wp-block-heading\">Septembre 2026<\/h2>\n\n\n\n<ul class=\"wp-block-list\">\n<li><strong><strong>Accueil des classes de Seconde G\u00e9n\u00e9rale et Technologique<\/strong><\/strong><\/li>\n\n\n\n<li><h4>Accueil des classes de <strong>Premi\u00e8re et Terminale<\/strong><\/h4>\n<ul class=\"wp-block-list\">\n<li>Premi\u00e8re et Terminale G\u00e9n\u00e9rale<\/li>\n\n\n\n<li>Premi\u00e8re et Terminale Technologique <a href=\"https:\/\/www.onisep.fr\/formation\/apres-la-3-la-voie-generale-et-technologique\/qu-est-ce-que-la-voie-generale-et-technologique\/la-voie-technologique-en-premiere-et-terminale\/le-bac-stmg-sciences-et-technologies-du-management-et-de-la-gestion\">STMG<\/a><\/li>\n\n\n\n<li>Premi\u00e8re et Terminale Technologique <a href=\"https:\/\/www.onisep.fr\/formation\/apres-la-3-la-voie-generale-et-technologique\/qu-est-ce-que-la-voie-generale-et-technologique\/la-voie-technologique-en-premiere-et-terminale\/le-bac-stl-sciences-et-technologies-de-laboratoire\">STL<\/a><\/li>\n<\/ul>\n<\/li>\n\n\n\n<li><h4>Accueil des classes de <strong>Seconde et Premi\u00e8re Professionnelle<\/strong><\/h4>\n<ul class=\"wp-block-list\">\n<li>Baccalaur\u00e9at Professionnel <a href=\"https:\/\/www.onisep.fr\/ressources\/univers-formation\/formations\/lycees\/bac-pro-metiers-de-l-electricite-et-de-ses-environnements-connectes\">MELEC<\/a> : M\u00e9tiers de l&rsquo;\u00e9lectricit\u00e9 et de ses environnements connect\u00e9s.<\/li>\n\n\n\n<li>Baccalaur\u00e9at Professionnel <a href=\"https:\/\/oniseptv.onisep.fr\/video\/bac-pro-accompagnement-soins-et-services-a-la-personne\">ASSP<\/a> : Accompagnement, Soins et Services \u00e0 la Personne<\/li>\n<\/ul>\n<\/li>\n\n\n\n<li><h4>Accueil des classes de Seconde et Terminale <strong>CAP<\/strong><\/h4>\n<ul class=\"wp-block-list\">\n<li>CAP <a href=\"https:\/\/www.onisep.fr\/ressources\/univers-formation\/formations\/lycees\/cap-agent-accompagnant-au-grand-age\">Agent accompagnant au grand \u00e2ge<\/a><\/li>\n<\/ul>\n<\/li>\n<\/ul>\n\n\n\n<h2 class=\"wp-block-heading\">Septembre 2027<\/h2>\n\n\n\n<div class=\"wp-block-group\"><div class=\"wp-block-group__inner-container is-layout-constrained wp-block-group-is-layout-constrained\">\n<ul class=\"wp-block-list\">\n<li><strong>Accueil des classes de Seconde G\u00e9n\u00e9rale et Technologique<\/strong><\/li>\n\n\n\n<li><h4>Accueil des classes de <strong>Premi\u00e8re et Terminale<\/strong><\/h4>\n<ul class=\"wp-block-list\">\n<li>Premi\u00e8re et Terminale G\u00e9n\u00e9rale<\/li>\n\n\n\n<li>Premi\u00e8re et Terminale Technologique <a href=\"https:\/\/www.onisep.fr\/formation\/apres-la-3-la-voie-generale-et-technologique\/qu-est-ce-que-la-voie-generale-et-technologique\/la-voie-technologique-en-premiere-et-terminale\/le-bac-stmg-sciences-et-technologies-du-management-et-de-la-gestion\">STMG<\/a><\/li>\n\n\n\n<li>Premi\u00e8re et terminale Technologique <a href=\"https:\/\/www.onisep.fr\/formation\/apres-la-3-la-voie-generale-et-technologique\/qu-est-ce-que-la-voie-generale-et-technologique\/la-voie-technologique-en-premiere-et-terminale\/le-bac-stl-sciences-et-technologies-de-laboratoire\">STL<\/a><\/li>\n<\/ul>\n<\/li>\n\n\n\n<li><h4>Accueil des classes de <strong>Seconde, Premi\u00e8re et Terminale Professionnelle<\/strong><\/h4>\n<ul class=\"wp-block-list\">\n<li>Baccalaur\u00e9at Professionnel <a href=\"https:\/\/www.onisep.fr\/ressources\/univers-formation\/formations\/lycees\/bac-pro-metiers-de-l-electricite-et-de-ses-environnements-connectes\">MELEC<\/a> : M\u00e9tiers de l&rsquo;\u00e9lectricit\u00e9 et de ses environnements connect\u00e9s.<\/li>\n\n\n\n<li>Baccalaur\u00e9at Professionnel <a href=\"https:\/\/oniseptv.onisep.fr\/video\/bac-pro-accompagnement-soins-et-services-a-la-personne\">ASSP<\/a> : Accompagnement, Soins et Services \u00e0 la Personne<\/li>\n<\/ul>\n<\/li>\n\n\n\n<li><h4>Accueil des classes de Seconde et Terminale <strong>CAP<\/strong><\/h4>\n<ul class=\"wp-block-list\">\n<li>CAP <a href=\"https:\/\/www.onisep.fr\/ressources\/univers-formation\/formations\/lycees\/cap-agent-accompagnant-au-grand-age\">Agent accompagnant au grand \u00e2ge<\/a><\/li>\n<\/ul>\n<\/li>\n<\/ul>\n\n\n\n<ul class=\"wp-block-list\">\n<li><strong>Accueil des classes de premi\u00e8re ann\u00e9e de BTS<\/strong>\n<ul class=\"wp-block-list\">\n<li>BTS <a href=\"https:\/\/www.onisep.fr\/ressources\/univers-formation\/formations\/post-bac\/bts-electrotechnique\">Electrotechnique<\/a><\/li>\n\n\n\n<li>BTS <a href=\"https:\/\/www.onisep.fr\/ressources\/univers-formation\/formations\/post-bac\/bts-conseil-et-commercialisation-de-solutions-techniques\">Conseil et commercialisation de solutions techniques<\/a><\/li>\n<\/ul>\n<\/li>\n<\/ul>\n<\/div><\/div>\n\n\n\n<h2 class=\"wp-block-heading\">Septembre 2028<\/h2>\n\n\n\n<ul class=\"wp-block-list\">\n<li><strong>Accueil des classes de Seconde G\u00e9n\u00e9rale et Technologique<\/strong><\/li>\n\n\n\n<li><h4>Accueil des classes de <strong>Premi\u00e8re et Terminale<\/strong><\/h4>\n<ul class=\"wp-block-list\">\n<li>Premi\u00e8re et Terminale G\u00e9n\u00e9rale<\/li>\n\n\n\n<li>Premi\u00e8re et Terminale Technologique <a href=\"https:\/\/www.onisep.fr\/formation\/apres-la-3-la-voie-generale-et-technologique\/qu-est-ce-que-la-voie-generale-et-technologique\/la-voie-technologique-en-premiere-et-terminale\/le-bac-stmg-sciences-et-technologies-du-management-et-de-la-gestion\">STMG<\/a><\/li>\n\n\n\n<li>Premi\u00e8re et terminale Technologique <a href=\"https:\/\/www.onisep.fr\/formation\/apres-la-3-la-voie-generale-et-technologique\/qu-est-ce-que-la-voie-generale-et-technologique\/la-voie-technologique-en-premiere-et-terminale\/le-bac-stl-sciences-et-technologies-de-laboratoire\">STL<\/a><\/li>\n<\/ul>\n<\/li>\n\n\n\n<li><h4>Accueil des classes de <strong>Seconde, Premi\u00e8re et Terminale Professionnelle<\/strong><\/h4>\n<ul class=\"wp-block-list\">\n<li>Baccalaur\u00e9at Professionnel <a href=\"https:\/\/www.onisep.fr\/ressources\/univers-formation\/formations\/lycees\/bac-pro-metiers-de-l-electricite-et-de-ses-environnements-connectes\">MELEC<\/a> : M\u00e9tiers de l&rsquo;\u00e9lectricit\u00e9 et de ses environnements connect\u00e9s.<\/li>\n\n\n\n<li>Baccalaur\u00e9at Professionnel <a href=\"https:\/\/oniseptv.onisep.fr\/video\/bac-pro-accompagnement-soins-et-services-a-la-personne\">ASSP<\/a> : Accompagnement, Soins et Services \u00e0 la Personne<\/li>\n<\/ul>\n<\/li>\n\n\n\n<li><h4>Accueil des classes de Seconde et Terminale <strong>CAP<\/strong><\/h4>\n<ul class=\"wp-block-list\">\n<li>CAP <a href=\"https:\/\/www.onisep.fr\/ressources\/univers-formation\/formations\/lycees\/cap-agent-accompagnant-au-grand-age\">Agent accompagnant au grand \u00e2ge<\/a><\/li>\n<\/ul>\n<\/li>\n<\/ul>\n\n\n\n<ul class=\"wp-block-list\">\n<li><strong>Accueil des classes de premi\u00e8re et deuxi\u00e8me ann\u00e9e de BTS<\/strong>\n<ul class=\"wp-block-list\">\n<li>BTS <a href=\"https:\/\/www.onisep.fr\/ressources\/univers-formation\/formations\/post-bac\/bts-electrotechnique\">Electrotechnique<\/a><\/li>\n\n\n\n<li>BTS <a href=\"https:\/\/www.onisep.fr\/ressources\/univers-formation\/formations\/post-bac\/bts-conseil-et-commercialisation-de-solutions-techniques\">Conseil et commercialisation de solutions techniques<\/a><\/li>\n<\/ul>\n<\/li>\n<\/ul>\n","protected":false},"excerpt":{"rendered":"<p>Le lyc\u00e9e ouvrira progressivement les sections suivantes : Septembre 2024 Septembre 2025 Septembre 2026 Septembre 2027 Septembre 2028<\/p>\n","protected":false},"author":1,"featured_media":147,"parent":0,"menu_order":0,"comment_status":"closed","ping_status":"closed","template":"","meta":{"footnotes":""},"class_list":["post-94","page","type-page","status-publish","has-post-thumbnail","hentry"],"_links":{"self":[{"href":"https:\/\/www.lyceerobertbadinter.fr\/index.php\/wp-json\/wp\/v2\/pages\/94","targetHints":{"allow":["GET"]}}],"collection":[{"href":"https:\/\/www.lyceerobertbadinter.fr\/index.php\/wp-json\/wp\/v2\/pages"}],"about":[{"href":"https:\/\/www.lyceerobertbadinter.fr\/index.php\/wp-json\/wp\/v2\/types\/page"}],"author":[{"embeddable":true,"href":"https:\/\/www.lyceerobertbadinter.fr\/index.php\/wp-json\/wp\/v2\/users\/1"}],"replies":[{"embeddable":true,"href":"https:\/\/www.lyceerobertbadinter.fr\/index.php\/wp-json\/wp\/v2\/comments?post=94"}],"version-history":[{"count":20,"href":"https:\/\/www.lyceerobertbadinter.fr\/index.php\/wp-json\/wp\/v2\/pages\/94\/revisions"}],"predecessor-version":[{"id":713,"href":"https:\/\/www.lyceerobertbadinter.fr\/index.php\/wp-json\/wp\/v2\/pages\/94\/revisions\/713"}],"wp:featuredmedia":[{"embeddable":true,"href":"https:\/\/www.lyceerobertbadinter.fr\/index.php\/wp-json\/wp\/v2\/media\/147"}],"wp:attachment":[{"href":"https:\/\/www.lyceerobertbadinter.fr\/index.php\/wp-json\/wp\/v2\/media?parent=94"}],"curies":[{"name":"wp","href":"https:\/\/api.w.org\/{rel}","templated":true}]}}